{"id":1347,"date":"2024-06-25T13:49:02","date_gmt":"2024-06-25T16:49:02","guid":{"rendered":"https:\/\/stricto.unoesc.edu.br\/?page_id=1347"},"modified":"2026-03-25T13:15:47","modified_gmt":"2026-03-25T16:15:47","slug":"mestrado-em-biociencias-e-saude-joacaba","status":"publish","type":"page","link":"https:\/\/stricto.unoesc.edu.br\/es\/ppgbs\/mestrado-em-biociencias-e-saude-joacaba\/","title":{"rendered":"M\u00e1ster en Biociencias y Salud"},"content":{"rendered":"","protected":false},"excerpt":{"rendered":"","protected":false},"author":219669445,"featured_media":0,"parent":1335,"menu_order":0,"comment_status":"closed","ping_status":"closed","template":"wp-custom-template-ppgbs-mestrado-tpl","meta":{"_crdt_document":"","content-type":"","jetpack_post_was_ever_published":false,"footnotes":""},"class_list":["post-1347","page","type-page","status-publish","hentry"],"aioseo_notices":[],"jetpack_likes_enabled":false,"jetpack_sharing_enabled":true,"jetpack_shortlink":"https:\/\/wp.me\/PfmtGq-lJ","jetpack-related-posts":[{"id":3992,"url":"https:\/\/stricto.unoesc.edu.br\/es\/doutorado-biociencias-e-saude\/","url_meta":{"origin":1347,"position":0},"title":"Doctorado en Biociencias y Salud","author":"Sites Unoesc","date":"21 de mayo de 2025","format":false,"excerpt":"","rel":"","context":"Entrada similar","block_context":{"text":"Entrada similar","link":""},"img":{"alt_text":"","src":"","width":0,"height":0},"classes":[]},{"id":3548,"url":"https:\/\/stricto.unoesc.edu.br\/es\/mestrado-sao-miguel-do-oeste\/","url_meta":{"origin":1347,"position":1},"title":"M\u00e1ster S\u00e3o Miguel do Oeste","author":"marketingwebab56ffd4c4","date":"20 de marzo de 2025","format":false,"excerpt":"M\u00e1ster en Educaci\u00f3n El M\u00e1ster en Educaci\u00f3n ofrece una experiencia \u00fanica de investigaci\u00f3n, promoviendo investigaciones que ampl\u00eden la comprensi\u00f3n de la realidad educativa y estimulando el intercambio de conocimientos con la comunidad educativa y la sociedad.","rel":"","context":"Entrada similar","block_context":{"text":"Entrada similar","link":""},"img":{"alt_text":"","src":"https:\/\/i0.wp.com\/stricto.unoesc.edu.br\/wp-content\/uploads\/2024\/07\/ppged2.png?resize=350%2C200&ssl=1","width":350,"height":200},"classes":[]},{"id":1339,"url":"https:\/\/stricto.unoesc.edu.br\/es\/mestrado-em-administracao\/","url_meta":{"origin":1347,"position":2},"title":"M\u00e1ster en Administraci\u00f3n","author":"Sites Unoesc","date":"25 de junio de 2024","format":false,"excerpt":"","rel":"","context":"Entrada similar","block_context":{"text":"Entrada similar","link":""},"img":{"alt_text":"","src":"","width":0,"height":0},"classes":[]},{"id":1341,"url":"https:\/\/stricto.unoesc.edu.br\/es\/mestrado-em-direito\/","url_meta":{"origin":1347,"position":3},"title":"M\u00e1ster en Derecho","author":"Sites Unoesc","date":"25 de junio de 2024","format":false,"excerpt":"","rel":"","context":"Entrada similar","block_context":{"text":"Entrada similar","link":""},"img":{"alt_text":"","src":"","width":0,"height":0},"classes":[]},{"id":1343,"url":"https:\/\/stricto.unoesc.edu.br\/es\/mestrado-em-educacao\/","url_meta":{"origin":1347,"position":4},"title":"M\u00e1ster en Educaci\u00f3n","author":"Sites Unoesc","date":"25 de junio de 2024","format":false,"excerpt":"","rel":"","context":"Entrada similar","block_context":{"text":"Entrada similar","link":""},"img":{"alt_text":"","src":"","width":0,"height":0},"classes":[]},{"id":3024,"url":"https:\/\/stricto.unoesc.edu.br\/es\/mestrado-em-educacao-videira\/","url_meta":{"origin":1347,"position":5},"title":"M\u00e1ster en Educaci\u00f3n Videira","author":"Sites Unoesc","date":"17 de octubre de 2024","format":false,"excerpt":"","rel":"","context":"Entrada similar","block_context":{"text":"Entrada similar","link":""},"img":{"alt_text":"","src":"","width":0,"height":0},"classes":[]}],"amp_enabled":true,"_links":{"self":[{"href":"https:\/\/stricto.unoesc.edu.br\/es\/wp-json\/wp\/v2\/pages\/1347","targetHints":{"allow":["GET"]}}],"collection":[{"href":"https:\/\/stricto.unoesc.edu.br\/es\/wp-json\/wp\/v2\/pages"}],"about":[{"href":"https:\/\/stricto.unoesc.edu.br\/es\/wp-json\/wp\/v2\/types\/page"}],"author":[{"embeddable":true,"href":"https:\/\/stricto.unoesc.edu.br\/es\/wp-json\/wp\/v2\/users\/219669445"}],"replies":[{"embeddable":true,"href":"https:\/\/stricto.unoesc.edu.br\/es\/wp-json\/wp\/v2\/comments?post=1347"}],"version-history":[{"count":1,"href":"https:\/\/stricto.unoesc.edu.br\/es\/wp-json\/wp\/v2\/pages\/1347\/revisions"}],"predecessor-version":[{"id":1348,"href":"https:\/\/stricto.unoesc.edu.br\/es\/wp-json\/wp\/v2\/pages\/1347\/revisions\/1348"}],"up":[{"embeddable":true,"href":"https:\/\/stricto.unoesc.edu.br\/es\/wp-json\/wp\/v2\/pages\/1335"}],"wp:attachment":[{"href":"https:\/\/stricto.unoesc.edu.br\/es\/wp-json\/wp\/v2\/media?parent=1347"}],"curies":[{"name":"wp","href":"https:\/\/api.w.org\/{rel}","templated":true}]}}